{"id":1085,"date":"2014-09-26T17:23:42","date_gmt":"2014-09-26T17:23:42","guid":{"rendered":"http:\/\/hostel-singerpub.cz\/kde-nas-najdete-2\/"},"modified":"2019-12-31T11:38:49","modified_gmt":"2019-12-31T10:38:49","slug":"contact-us","status":"publish","type":"page","link":"https:\/\/hostel-singerpub.cz\/en\/contact-us\/","title":{"rendered":"Contact Us"},"content":{"rendered":"<div  class='av_gmaps_sc_main_wrap av_gmaps_main_wrap '><div id='av_gmap_0' class='avia-google-map-container avia-google-map-sc av_gmaps_show_unconditionally av-no-fallback-img ' data-mapid='av_gmap_0'  style='padding-bottom: 50%;'><a class=\"av_gmaps_browser_disabled av_text_confirm_link av_text_confirm_link_visible\" href=\"https:\/\/www.google.com\/maps\/search\/?api=1&#038;query=Hostel%20Singer%20Pub,%20\u010cesk\u00e1%207\/55%20%20\u010cesk\u00e9%20Bud\u011bjovice%20%20\u010cesk\u00e1%20republika\" target=\"_blank\">Maps were disabled by the visitor on this site. Click to open the map in a new window.<\/a><\/div><\/div>\n<div id='av-layout-grid-1'  class='av-layout-grid-container av-av_layout_row-479d134496ad5ef312969f1d7407cf5e entry-content-wrapper main_color av-flex-cells  avia-builder-el-1  el_after_av_google_map  avia-builder-el-last  grid-row-not-first  container_wrap fullsize'  >\n\n<style type=\"text\/css\" data-created_by=\"avia_inline_auto\" id=\"style-css-av-av_cell_two_third-5227a743201b625eadc00b27db60eab9\">\n.flex_cell.av-av_cell_two_third-5227a743201b625eadc00b27db60eab9{\nvertical-align:top;\n}\n.responsive #top #wrap_all .flex_cell.av-av_cell_two_third-5227a743201b625eadc00b27db60eab9{\npadding:30px 30px 30px 30px !important;\n}\n<\/style>\n<div class='flex_cell av-av_cell_two_third-5227a743201b625eadc00b27db60eab9 av-gridrow-cell av_two_third no_margin  avia-builder-el-2  el_before_av_cell_one_third  avia-builder-el-first  content-align-top'  ><div class='flex_cell_inner'><p>\n<style type=\"text\/css\" data-created_by=\"avia_inline_auto\" id=\"style-css-av-av_heading-9e179932b8560f5897590e66cba16409\">\n#top .av-special-heading.av-av_heading-9e179932b8560f5897590e66cba16409{\npadding-bottom:10px;\n}\nbody .av-special-heading.av-av_heading-9e179932b8560f5897590e66cba16409 .av-special-heading-tag .heading-char{\nfont-size:25px;\n}\n.av-special-heading.av-av_heading-9e179932b8560f5897590e66cba16409 .av-subheading{\nfont-size:15px;\n}\n<\/style>\n<div  class='av-special-heading av-av_heading-9e179932b8560f5897590e66cba16409 av-special-heading-h3  avia-builder-el-3  el_before_av_codeblock  avia-builder-el-first '><h3 class='av-special-heading-tag '  itemprop=\"headline\"  >Contact us!<\/h3><div class=\"special-heading-border\"><div class=\"special-heading-inner-border\"><\/div><\/div><\/div><br \/>\n<\/p>\n<\/div><\/div>\n<style type=\"text\/css\" data-created_by=\"avia_inline_auto\" id=\"style-css-av-av_cell_one_third-cabae9bdfb0e32d9e0addadb0685857c\">\n.flex_cell.av-av_cell_one_third-cabae9bdfb0e32d9e0addadb0685857c{\nvertical-align:top;\n}\n.responsive #top #wrap_all .flex_cell.av-av_cell_one_third-cabae9bdfb0e32d9e0addadb0685857c{\npadding:30px 30px 30px 30px !important;\n}\n<\/style>\n<div class='flex_cell av-av_cell_one_third-cabae9bdfb0e32d9e0addadb0685857c av-gridrow-cell av_one_third no_margin  avia-builder-el-5  el_after_av_cell_two_third  avia-builder-el-last  content-align-top'  ><div class='flex_cell_inner'><p>\n<style type=\"text\/css\" data-created_by=\"avia_inline_auto\" id=\"style-css-av-av_heading-4e0bd68b7a156c6e2b993c1bbb8c96bd\">\n#top .av-special-heading.av-av_heading-4e0bd68b7a156c6e2b993c1bbb8c96bd{\npadding-bottom:10px;\n}\nbody .av-special-heading.av-av_heading-4e0bd68b7a156c6e2b993c1bbb8c96bd .av-special-heading-tag .heading-char{\nfont-size:25px;\n}\n.av-special-heading.av-av_heading-4e0bd68b7a156c6e2b993c1bbb8c96bd .av-subheading{\nfont-size:15px;\n}\n<\/style>\n<div  class='av-special-heading av-av_heading-4e0bd68b7a156c6e2b993c1bbb8c96bd av-special-heading-h3  avia-builder-el-6  el_before_av_one_full  avia-builder-el-first '><h3 class='av-special-heading-tag '  itemprop=\"headline\"  >Contact information<\/h3><div class=\"special-heading-border\"><div class=\"special-heading-inner-border\"><\/div><\/div><\/div><br \/>\n\n<style type=\"text\/css\" data-created_by=\"avia_inline_auto\" id=\"style-css-av-av_one_full-352b07ef7d3bc99b2e9f92e7a9e06bdb\">\n.flex_column.av-av_one_full-352b07ef7d3bc99b2e9f92e7a9e06bdb{\nborder-radius:0px 0px 0px 0px;\npadding:0px 0px 0px 0px;\n}\n<\/style>\n<div  class='flex_column av-av_one_full-352b07ef7d3bc99b2e9f92e7a9e06bdb av_one_full  avia-builder-el-7  el_after_av_heading  el_before_av_one_full  first flex_column_div av-zero-column-padding  '     ><section  class='av_textblock_section av-av_textblock-0366cc7376be6c9e82a3e9cc8987b64f '   itemscope=\"itemscope\" itemtype=\"https:\/\/schema.org\/CreativeWork\" ><div class='avia_textblock'  itemprop=\"text\" ><p>Reception: od 16:30&nbsp;h. +420&nbsp;386&nbsp;360&nbsp;186<br \/>\nRadim Ber\u00e1nek: +420&nbsp;608&nbsp;120&nbsp;102<br \/>\nCzech Republic<\/p>\n<\/div><\/section><\/div>\n<style type=\"text\/css\" data-created_by=\"avia_inline_auto\" id=\"style-css-av-av_one_full-352b07ef7d3bc99b2e9f92e7a9e06bdb\">\n.flex_column.av-av_one_full-352b07ef7d3bc99b2e9f92e7a9e06bdb{\nborder-radius:0px 0px 0px 0px;\npadding:0px 0px 0px 0px;\n}\n<\/style>\n<div  class='flex_column av-av_one_full-352b07ef7d3bc99b2e9f92e7a9e06bdb av_one_full  avia-builder-el-9  el_after_av_one_full  el_before_av_heading  first flex_column_div av-zero-column-padding  column-top-margin'     ><section  class='av_textblock_section av-av_textblock-0366cc7376be6c9e82a3e9cc8987b64f '   itemscope=\"itemscope\" itemtype=\"https:\/\/schema.org\/CreativeWork\" ><div class='avia_textblock'  itemprop=\"text\" ><p>Hostel SingerPub<br \/>\n\u010cesk\u00e1 7\/55<br \/>\nCZ-370&nbsp;01 \u010cesk\u00e9 Bud\u011bjovice 1<br \/>\nGPS: 48.974752, 14.472427<\/p>\n<\/div><\/section><\/div>\n<style type=\"text\/css\" data-created_by=\"avia_inline_auto\" id=\"style-css-av-av_heading-79fc9c71fe5256cfd245248fe14faadd\">\n#top .av-special-heading.av-av_heading-79fc9c71fe5256cfd245248fe14faadd{\npadding-bottom:10px;\n}\nbody .av-special-heading.av-av_heading-79fc9c71fe5256cfd245248fe14faadd .av-special-heading-tag .heading-char{\nfont-size:25px;\n}\n.av-special-heading.av-av_heading-79fc9c71fe5256cfd245248fe14faadd .av-subheading{\nfont-size:15px;\n}\n<\/style>\n<div  class='av-special-heading av-av_heading-79fc9c71fe5256cfd245248fe14faadd av-special-heading-h3  avia-builder-el-11  el_after_av_one_full  el_before_av_one_full '><h3 class='av-special-heading-tag '  itemprop=\"headline\"  >Useful information<\/h3><div class=\"special-heading-border\"><div class=\"special-heading-inner-border\"><\/div><\/div><\/div><br \/>\n\n<style type=\"text\/css\" data-created_by=\"avia_inline_auto\" id=\"style-css-av-av_one_full-352b07ef7d3bc99b2e9f92e7a9e06bdb\">\n.flex_column.av-av_one_full-352b07ef7d3bc99b2e9f92e7a9e06bdb{\nborder-radius:0px 0px 0px 0px;\npadding:0px 0px 0px 0px;\n}\n<\/style>\n<div  class='flex_column av-av_one_full-352b07ef7d3bc99b2e9f92e7a9e06bdb av_one_full  avia-builder-el-12  el_after_av_heading  el_before_av_one_full  first flex_column_div av-zero-column-padding  '     ><section  class='av_textblock_section av-av_textblock-0366cc7376be6c9e82a3e9cc8987b64f '   itemscope=\"itemscope\" itemtype=\"https:\/\/schema.org\/CreativeWork\" ><div class='avia_textblock'  itemprop=\"text\" ><p>The directions to the Hostel SingerPub are very simple, even if you travel by car. Hostel is located on the street \u010cesk\u00e1, just outside the main square P\u0159emysl Otakar II. For an exact explanation, \u010cesk\u00e1 street is the first street behind the city hall. Parking spaces are near by, the closest is at Sokolovsk\u00fd ostrov.<\/p>\n<\/div><\/section><\/div>\n<style type=\"text\/css\" data-created_by=\"avia_inline_auto\" id=\"style-css-av-av_one_full-352b07ef7d3bc99b2e9f92e7a9e06bdb\">\n.flex_column.av-av_one_full-352b07ef7d3bc99b2e9f92e7a9e06bdb{\nborder-radius:0px 0px 0px 0px;\npadding:0px 0px 0px 0px;\n}\n<\/style>\n<div  class='flex_column av-av_one_full-352b07ef7d3bc99b2e9f92e7a9e06bdb av_one_full  avia-builder-el-14  el_after_av_one_full  avia-builder-el-last  first flex_column_div av-zero-column-padding  column-top-margin'     ><section  class='av_textblock_section av-av_textblock-0366cc7376be6c9e82a3e9cc8987b64f '   itemscope=\"itemscope\" itemtype=\"https:\/\/schema.org\/CreativeWork\" ><div class='avia_textblock'  itemprop=\"text\" ><p><a title=\"Web site operator\" href=\"http:\/\/www.rzp.cz\/cgi-bin\/aps_cacheWEB.sh?VSS_SERV=ZVWSBJFND&amp;Action=Search&amp;PRESVYBER=0&amp;PODLE=subjekt&amp;ICO=47221399&amp;OBCHJM=&amp;ROLES=P&amp;OKRES=&amp;OBEC=&amp;CASTOBCE=&amp;ULICE=&amp;COR=&amp;COZ=&amp;CDOM=&amp;JMENO=&amp;PRIJMENI=&amp;NAROZENI=&amp;ROLE=&amp;VYPIS=1\" target=\"_blank\" rel=\"noopener noreferrer\">web site operator<\/a><\/p>\n<\/div><\/section><\/div><\/p>\n<\/div><\/div><\/div>\n","protected":false},"excerpt":{"rendered":"<p>Useful information<br \/>\nThe directions to the Hostel SingerPub are very simple, even if you travel by car. Hostel is located on the street \u010cesk\u00e1, just outside the main square P\u0159emysl Otakar II.<\/p>\n","protected":false},"author":1,"featured_media":919,"parent":0,"menu_order":0,"comment_status":"open","ping_status":"open","template":"","meta":{"footnotes":""},"class_list":["post-1085","page","type-page","status-publish","has-post-thumbnail","hentry"],"yoast_head":"<!-- This site is optimized with the Yoast SEO plugin v26.3 - https:\/\/yoast.com\/wordpress\/plugins\/seo\/ -->\n<title>Contact Us - Hostel Singer Pub<\/title>\n<meta name=\"description\" content=\"Useful information The directions to the Hostel SingerPub are very simple, even if you travel by car. Hostel is located on the street \u010cesk\u00e1, just outside the main square P\u0159emysl Otakar II.\" \/>\n<meta name=\"robots\" content=\"index, follow, max-snippet:-1, max-image-preview:large, max-video-preview:-1\" \/>\n<link rel=\"canonical\" href=\"https:\/\/hostel-singerpub.cz\/en\/contact-us\/\" \/>\n<meta property=\"og:locale\" content=\"en_US\" \/>\n<meta property=\"og:type\" content=\"article\" \/>\n<meta property=\"og:title\" content=\"Contact Us - Hostel Singer Pub\" \/>\n<meta property=\"og:description\" content=\"Contact information Hostel SingerPub \u010cesk\u00e1 7\/55 CZ-370 01 \u010cesk\u00e9 Bud\u011bjovice 1 GPS: 48.974752, 14.472427 Reception: od 16:30 h. +420 386 360 186 Radim Ber\u00e1nek: +420 608 120 102 Czech Republic Useful information The directions to the Hostel SingerPub are very simple, even if you travel by car. Hostel is located on the street \u010cesk\u00e1, just outside the main square P\u0159emysl Otakar II. For an exact explanation, \u010cesk\u00e1 street is the first street behind the city hall. Parking spaces are near by, the closest is at Sokolovsk\u00fd ostrov.\" \/>\n<meta property=\"og:url\" content=\"https:\/\/hostel-singerpub.cz\/en\/contact-us\/\" \/>\n<meta property=\"og:site_name\" content=\"Hostel Singer Pub\" \/>\n<meta property=\"article:publisher\" content=\"https:\/\/www.facebook.com\/hostelsingerpub\" \/>\n<meta property=\"article:modified_time\" content=\"2019-12-31T10:38:49+00:00\" \/>\n<meta property=\"og:image\" content=\"https:\/\/hostel-singerpub.cz\/wp-content\/uploads\/2014\/09\/hostel-singer-pub-apartman-1_17.jpg\" \/>\n\t<meta property=\"og:image:width\" content=\"1920\" \/>\n\t<meta property=\"og:image:height\" content=\"1280\" \/>\n\t<meta property=\"og:image:type\" content=\"image\/jpeg\" \/>\n<meta name=\"twitter:card\" content=\"summary_large_image\" \/>\n<meta name=\"twitter:description\" content=\"Contact information Hostel SingerPub \u010cesk\u00e1 7\/55 CZ-370 01 \u010cesk\u00e9 Bud\u011bjovice 1 GPS: 48.974752, 14.472427 Reception: od 16:30 h. +420 386 360 186 Radim Ber\u00e1nek: +420 608 120 102 Czech Republic Useful information The directions to the Hostel SingerPub are very simple, even if you travel by car. Hostel is located on the street \u010cesk\u00e1, just outside the main square P\u0159emysl Otakar II. For an exact explanation, \u010cesk\u00e1 street is the first street behind the city hall. Parking spaces are near by, the closest is at Sokolovsk\u00fd ostrov.\" \/>\n<meta name=\"twitter:label1\" content=\"Est. reading time\" \/>\n\t<meta name=\"twitter:data1\" content=\"3 minutes\" \/>\n<script type=\"application\/ld+json\" class=\"yoast-schema-graph\">{\"@context\":\"https:\/\/schema.org\",\"@graph\":[{\"@type\":\"WebPage\",\"@id\":\"https:\/\/hostel-singerpub.cz\/en\/contact-us\/\",\"url\":\"https:\/\/hostel-singerpub.cz\/en\/contact-us\/\",\"name\":\"Contact Us - Hostel Singer Pub\",\"isPartOf\":{\"@id\":\"https:\/\/hostel-singerpub.cz\/en\/#website\"},\"primaryImageOfPage\":{\"@id\":\"https:\/\/hostel-singerpub.cz\/en\/contact-us\/#primaryimage\"},\"image\":{\"@id\":\"https:\/\/hostel-singerpub.cz\/en\/contact-us\/#primaryimage\"},\"thumbnailUrl\":\"https:\/\/hostel-singerpub.cz\/wp-content\/uploads\/2014\/09\/hostel-singer-pub-apartman-1_17.jpg\",\"datePublished\":\"2014-09-26T17:23:42+00:00\",\"dateModified\":\"2019-12-31T10:38:49+00:00\",\"description\":\"Useful information The directions to the Hostel SingerPub are very simple, even if you travel by car. Hostel is located on the street \u010cesk\u00e1, just outside the main square P\u0159emysl Otakar II.\",\"breadcrumb\":{\"@id\":\"https:\/\/hostel-singerpub.cz\/en\/contact-us\/#breadcrumb\"},\"inLanguage\":\"en-US\",\"potentialAction\":[{\"@type\":\"ReadAction\",\"target\":[\"https:\/\/hostel-singerpub.cz\/en\/contact-us\/\"]}]},{\"@type\":\"ImageObject\",\"inLanguage\":\"en-US\",\"@id\":\"https:\/\/hostel-singerpub.cz\/en\/contact-us\/#primaryimage\",\"url\":\"https:\/\/hostel-singerpub.cz\/wp-content\/uploads\/2014\/09\/hostel-singer-pub-apartman-1_17.jpg\",\"contentUrl\":\"https:\/\/hostel-singerpub.cz\/wp-content\/uploads\/2014\/09\/hostel-singer-pub-apartman-1_17.jpg\",\"width\":1920,\"height\":1280},{\"@type\":\"BreadcrumbList\",\"@id\":\"https:\/\/hostel-singerpub.cz\/en\/contact-us\/#breadcrumb\",\"itemListElement\":[{\"@type\":\"ListItem\",\"position\":1,\"name\":\"Dom\u016f\",\"item\":\"https:\/\/hostel-singerpub.cz\/en\/\"},{\"@type\":\"ListItem\",\"position\":2,\"name\":\"Contact Us\"}]},{\"@type\":\"WebSite\",\"@id\":\"https:\/\/hostel-singerpub.cz\/en\/#website\",\"url\":\"https:\/\/hostel-singerpub.cz\/en\/\",\"name\":\"Hostel Singer Pub\",\"description\":\"Feels like home\",\"publisher\":{\"@id\":\"https:\/\/hostel-singerpub.cz\/en\/#organization\"},\"potentialAction\":[{\"@type\":\"SearchAction\",\"target\":{\"@type\":\"EntryPoint\",\"urlTemplate\":\"https:\/\/hostel-singerpub.cz\/en\/?s={search_term_string}\"},\"query-input\":{\"@type\":\"PropertyValueSpecification\",\"valueRequired\":true,\"valueName\":\"search_term_string\"}}],\"inLanguage\":\"en-US\"},{\"@type\":\"Organization\",\"@id\":\"https:\/\/hostel-singerpub.cz\/en\/#organization\",\"name\":\"Hostel Singer Pub\",\"url\":\"https:\/\/hostel-singerpub.cz\/en\/\",\"logo\":{\"@type\":\"ImageObject\",\"inLanguage\":\"en-US\",\"@id\":\"https:\/\/hostel-singerpub.cz\/en\/#\/schema\/logo\/image\/\",\"url\":\"https:\/\/hostel-singerpub.cz\/wp-content\/uploads\/2015\/06\/hostel-singer-pub-logo-header-left.png\",\"contentUrl\":\"https:\/\/hostel-singerpub.cz\/wp-content\/uploads\/2015\/06\/hostel-singer-pub-logo-header-left.png\",\"width\":340,\"height\":100,\"caption\":\"Hostel Singer Pub\"},\"image\":{\"@id\":\"https:\/\/hostel-singerpub.cz\/en\/#\/schema\/logo\/image\/\"},\"sameAs\":[\"https:\/\/www.facebook.com\/hostelsingerpub\"]}]}<\/script>\n<!-- \/ Yoast SEO plugin. -->","yoast_head_json":{"title":"Contact Us - Hostel Singer Pub","description":"Useful information The directions to the Hostel SingerPub are very simple, even if you travel by car. Hostel is located on the street \u010cesk\u00e1, just outside the main square P\u0159emysl Otakar II.","robots":{"index":"index","follow":"follow","max-snippet":"max-snippet:-1","max-image-preview":"max-image-preview:large","max-video-preview":"max-video-preview:-1"},"canonical":"https:\/\/hostel-singerpub.cz\/en\/contact-us\/","og_locale":"en_US","og_type":"article","og_title":"Contact Us - Hostel Singer Pub","og_description":"Contact information Hostel SingerPub \u010cesk\u00e1 7\/55 CZ-370 01 \u010cesk\u00e9 Bud\u011bjovice 1 GPS: 48.974752, 14.472427 Reception: od 16:30 h. +420 386 360 186 Radim Ber\u00e1nek: +420 608 120 102 Czech Republic Useful information The directions to the Hostel SingerPub are very simple, even if you travel by car. Hostel is located on the street \u010cesk\u00e1, just outside the main square P\u0159emysl Otakar II. For an exact explanation, \u010cesk\u00e1 street is the first street behind the city hall. Parking spaces are near by, the closest is at Sokolovsk\u00fd ostrov.","og_url":"https:\/\/hostel-singerpub.cz\/en\/contact-us\/","og_site_name":"Hostel Singer Pub","article_publisher":"https:\/\/www.facebook.com\/hostelsingerpub","article_modified_time":"2019-12-31T10:38:49+00:00","og_image":[{"width":1920,"height":1280,"url":"https:\/\/hostel-singerpub.cz\/wp-content\/uploads\/2014\/09\/hostel-singer-pub-apartman-1_17.jpg","type":"image\/jpeg"}],"twitter_card":"summary_large_image","twitter_description":"Contact information Hostel SingerPub \u010cesk\u00e1 7\/55 CZ-370 01 \u010cesk\u00e9 Bud\u011bjovice 1 GPS: 48.974752, 14.472427 Reception: od 16:30 h. +420 386 360 186 Radim Ber\u00e1nek: +420 608 120 102 Czech Republic Useful information The directions to the Hostel SingerPub are very simple, even if you travel by car. Hostel is located on the street \u010cesk\u00e1, just outside the main square P\u0159emysl Otakar II. For an exact explanation, \u010cesk\u00e1 street is the first street behind the city hall. Parking spaces are near by, the closest is at Sokolovsk\u00fd ostrov.","twitter_misc":{"Est. reading time":"3 minutes"},"schema":{"@context":"https:\/\/schema.org","@graph":[{"@type":"WebPage","@id":"https:\/\/hostel-singerpub.cz\/en\/contact-us\/","url":"https:\/\/hostel-singerpub.cz\/en\/contact-us\/","name":"Contact Us - Hostel Singer Pub","isPartOf":{"@id":"https:\/\/hostel-singerpub.cz\/en\/#website"},"primaryImageOfPage":{"@id":"https:\/\/hostel-singerpub.cz\/en\/contact-us\/#primaryimage"},"image":{"@id":"https:\/\/hostel-singerpub.cz\/en\/contact-us\/#primaryimage"},"thumbnailUrl":"https:\/\/hostel-singerpub.cz\/wp-content\/uploads\/2014\/09\/hostel-singer-pub-apartman-1_17.jpg","datePublished":"2014-09-26T17:23:42+00:00","dateModified":"2019-12-31T10:38:49+00:00","description":"Useful information The directions to the Hostel SingerPub are very simple, even if you travel by car. Hostel is located on the street \u010cesk\u00e1, just outside the main square P\u0159emysl Otakar II.","breadcrumb":{"@id":"https:\/\/hostel-singerpub.cz\/en\/contact-us\/#breadcrumb"},"inLanguage":"en-US","potentialAction":[{"@type":"ReadAction","target":["https:\/\/hostel-singerpub.cz\/en\/contact-us\/"]}]},{"@type":"ImageObject","inLanguage":"en-US","@id":"https:\/\/hostel-singerpub.cz\/en\/contact-us\/#primaryimage","url":"https:\/\/hostel-singerpub.cz\/wp-content\/uploads\/2014\/09\/hostel-singer-pub-apartman-1_17.jpg","contentUrl":"https:\/\/hostel-singerpub.cz\/wp-content\/uploads\/2014\/09\/hostel-singer-pub-apartman-1_17.jpg","width":1920,"height":1280},{"@type":"BreadcrumbList","@id":"https:\/\/hostel-singerpub.cz\/en\/contact-us\/#breadcrumb","itemListElement":[{"@type":"ListItem","position":1,"name":"Dom\u016f","item":"https:\/\/hostel-singerpub.cz\/en\/"},{"@type":"ListItem","position":2,"name":"Contact Us"}]},{"@type":"WebSite","@id":"https:\/\/hostel-singerpub.cz\/en\/#website","url":"https:\/\/hostel-singerpub.cz\/en\/","name":"Hostel Singer Pub","description":"Feels like home","publisher":{"@id":"https:\/\/hostel-singerpub.cz\/en\/#organization"},"potentialAction":[{"@type":"SearchAction","target":{"@type":"EntryPoint","urlTemplate":"https:\/\/hostel-singerpub.cz\/en\/?s={search_term_string}"},"query-input":{"@type":"PropertyValueSpecification","valueRequired":true,"valueName":"search_term_string"}}],"inLanguage":"en-US"},{"@type":"Organization","@id":"https:\/\/hostel-singerpub.cz\/en\/#organization","name":"Hostel Singer Pub","url":"https:\/\/hostel-singerpub.cz\/en\/","logo":{"@type":"ImageObject","inLanguage":"en-US","@id":"https:\/\/hostel-singerpub.cz\/en\/#\/schema\/logo\/image\/","url":"https:\/\/hostel-singerpub.cz\/wp-content\/uploads\/2015\/06\/hostel-singer-pub-logo-header-left.png","contentUrl":"https:\/\/hostel-singerpub.cz\/wp-content\/uploads\/2015\/06\/hostel-singer-pub-logo-header-left.png","width":340,"height":100,"caption":"Hostel Singer Pub"},"image":{"@id":"https:\/\/hostel-singerpub.cz\/en\/#\/schema\/logo\/image\/"},"sameAs":["https:\/\/www.facebook.com\/hostelsingerpub"]}]}},"_links":{"self":[{"href":"https:\/\/hostel-singerpub.cz\/en\/wp-json\/wp\/v2\/pages\/1085","targetHints":{"allow":["GET"]}}],"collection":[{"href":"https:\/\/hostel-singerpub.cz\/en\/wp-json\/wp\/v2\/pages"}],"about":[{"href":"https:\/\/hostel-singerpub.cz\/en\/wp-json\/wp\/v2\/types\/page"}],"author":[{"embeddable":true,"href":"https:\/\/hostel-singerpub.cz\/en\/wp-json\/wp\/v2\/users\/1"}],"replies":[{"embeddable":true,"href":"https:\/\/hostel-singerpub.cz\/en\/wp-json\/wp\/v2\/comments?post=1085"}],"version-history":[{"count":0,"href":"https:\/\/hostel-singerpub.cz\/en\/wp-json\/wp\/v2\/pages\/1085\/revisions"}],"wp:featuredmedia":[{"embeddable":true,"href":"https:\/\/hostel-singerpub.cz\/en\/wp-json\/wp\/v2\/media\/919"}],"wp:attachment":[{"href":"https:\/\/hostel-singerpub.cz\/en\/wp-json\/wp\/v2\/media?parent=1085"}],"curies":[{"name":"wp","href":"https:\/\/api.w.org\/{rel}","templated":true}]}}